{"id":512,"date":"2024-10-26T16:16:48","date_gmt":"2024-10-26T16:16:48","guid":{"rendered":"https:\/\/vigooacademy.com\/?page_id=512"},"modified":"2024-10-31T19:48:28","modified_gmt":"2024-10-31T19:48:28","slug":"testimoniales","status":"publish","type":"page","link":"https:\/\/vigooacademy.com\/?page_id=512","title":{"rendered":"TESTIMONIALES"},"content":{"rendered":"\t\t<div data-elementor-type=\"wp-page\" data-elementor-id=\"512\" class=\"elementor elementor-512\" data-elementor-post-type=\"page\">\n\t\t\t\t<div class=\"elementor-element elementor-element-d7d45e8 e-flex e-con-boxed e-con e-parent\" data-id=\"d7d45e8\" data-element_type=\"container\">\n\t\t\t\t\t<div class=\"e-con-inner\">\n\t\t\t\t<div class=\"elementor-element elementor-element-223c9fc elementor-widget-divider--view-line elementor-widget elementor-widget-divider\" data-id=\"223c9fc\" data-element_type=\"widget\" data-widget_type=\"divider.default\">\n\t\t\t\t<div class=\"elementor-widget-container\">\n\t\t\t\t\t<div class=\"elementor-divider\">\n\t\t\t<span class=\"elementor-divider-separator\">\n\t\t\t\t\t\t<\/span>\n\t\t<\/div>\n\t\t\t\t<\/div>\n\t\t\t\t<\/div>\n\t\t\t\t<div class=\"elementor-element elementor-element-a7f8779 elementor-widget elementor-widget-heading\" data-id=\"a7f8779\" data-element_type=\"widget\" data-widget_type=\"heading.default\">\n\t\t\t\t<div class=\"elementor-widget-container\">\n\t\t\t<h1 class=\"elementor-heading-title elementor-size-default\">CONOCE A NUESTROS ALUMNOS...<\/h1>\t\t<\/div>\n\t\t\t\t<\/div>\n\t\t\t\t\t<\/div>\n\t\t\t\t<\/div>\n\t\t<div class=\"elementor-element elementor-element-0160ec2 e-flex e-con-boxed e-con e-parent\" data-id=\"0160ec2\" data-element_type=\"container\">\n\t\t\t\t\t<div class=\"e-con-inner\">\n\t\t\t\t<div class=\"elementor-element elementor-element-f52a017 elementor-widget elementor-widget-text-editor\" data-id=\"f52a017\" data-element_type=\"widget\" data-widget_type=\"text-editor.default\">\n\t\t\t\t<div class=\"elementor-widget-container\">\n\t\t\t\t\t\t\t<span style=\"font-weight: 400;\">Descubre c\u00f3mo los cursos que se ofrecen en <span style=\"color: red;\">Vigo Academy<\/span> han cambiado la vida de estas personas\u2026<\/span>\t\t\t\t\t\t<\/div>\n\t\t\t\t<\/div>\n\t\t<div class=\"elementor-element elementor-element-bc416d8 e-grid e-con-full e-con e-child\" data-id=\"bc416d8\" data-element_type=\"container\">\n\t\t<div class=\"elementor-element elementor-element-71b7de0 e-con-full e-flex e-con e-child\" data-id=\"71b7de0\" data-element_type=\"container\">\n\t\t<div class=\"elementor-element elementor-element-36cd844 e-grid e-con-full e-con e-child\" data-id=\"36cd844\" data-element_type=\"container\">\n\t\t\t\t<div class=\"elementor-element elementor-element-a70d9ef elementor-widget elementor-widget-video\" data-id=\"a70d9ef\" data-element_type=\"widget\" data-settings=\"{&quot;youtube_url&quot;:&quot;https:\\\/\\\/youtube.com\\\/shorts\\\/abWpdf-rFEc?feature=share&quot;,&quot;show_image_overlay&quot;:&quot;yes&quot;,&quot;image_overlay&quot;:{&quot;url&quot;:&quot;https:\\\/\\\/vigooacademy.com\\\/wp-content\\\/uploads\\\/2024\\\/10\\\/CURSO-VIGOO-1-1.png&quot;,&quot;id&quot;:1728,&quot;size&quot;:&quot;&quot;,&quot;alt&quot;:&quot;&quot;,&quot;source&quot;:&quot;library&quot;},&quot;video_type&quot;:&quot;youtube&quot;,&quot;controls&quot;:&quot;yes&quot;}\" data-widget_type=\"video.default\">\n\t\t\t\t<div class=\"elementor-widget-container\">\n\t\t\t\t\t<div class=\"elementor-wrapper elementor-open-inline\">\n\t\t\t<div class=\"elementor-video\"><\/div>\t\t\t\t<div class=\"elementor-custom-embed-image-overlay\" style=\"background-image: url(https:\/\/vigooacademy.com\/wp-content\/uploads\/2024\/10\/CURSO-VIGOO-1-1.png);\">\n\t\t\t\t\t\t\t\t\t\t\t\t\t\t\t\t<div class=\"elementor-custom-embed-play\" role=\"button\" aria-label=\"Reproducir v\u00eddeo\" tabindex=\"0\">\n\t\t\t\t\t\t\t<svg aria-hidden=\"true\" class=\"e-font-icon-svg e-eicon-play\" viewBox=\"0 0 1000 1000\" xmlns=\"http:\/\/www.w3.org\/2000\/svg\"><path d=\"M838 162C746 71 633 25 500 25 371 25 258 71 163 162 71 254 25 367 25 500 25 633 71 746 163 837 254 929 367 979 500 979 633 979 746 933 838 837 929 746 975 633 975 500 975 367 929 254 838 162M808 192C892 279 933 379 933 500 933 621 892 725 808 808 725 892 621 938 500 938 379 938 279 896 196 808 113 725 67 621 67 500 67 379 108 279 196 192 279 108 383 62 500 62 621 62 721 108 808 192M438 392V642L642 517 438 392Z\"><\/path><\/svg>\t\t\t\t\t\t\t<span class=\"elementor-screen-only\">Reproducir v\u00eddeo<\/span>\n\t\t\t\t\t\t<\/div>\n\t\t\t\t\t\t\t\t\t<\/div>\n\t\t\t\t\t<\/div>\n\t\t\t\t<\/div>\n\t\t\t\t<\/div>\n\t\t\t\t<div class=\"elementor-element elementor-element-4119744 elementor-widget elementor-widget-text-editor\" data-id=\"4119744\" data-element_type=\"widget\" data-widget_type=\"text-editor.default\">\n\t\t\t\t<div class=\"elementor-widget-container\">\n\t\t\t\t\t\t\t<b>Curso Desarrollo Empresarial<\/b>\t\t\t\t\t\t<\/div>\n\t\t\t\t<\/div>\n\t\t\t\t<\/div>\n\t\t\t\t<\/div>\n\t\t<div class=\"elementor-element elementor-element-f9f6b97 e-con-full e-flex e-con e-child\" data-id=\"f9f6b97\" data-element_type=\"container\">\n\t\t<div class=\"elementor-element elementor-element-f818b1c e-grid e-con-full e-con e-child\" data-id=\"f818b1c\" data-element_type=\"container\">\n\t\t\t\t<div class=\"elementor-element elementor-element-9864953 elementor-widget elementor-widget-video\" data-id=\"9864953\" data-element_type=\"widget\" data-settings=\"{&quot;youtube_url&quot;:&quot;https:\\\/\\\/youtu.be\\\/fAU3-aN20V0&quot;,&quot;show_image_overlay&quot;:&quot;yes&quot;,&quot;image_overlay&quot;:{&quot;url&quot;:&quot;https:\\\/\\\/vigooacademy.com\\\/wp-content\\\/uploads\\\/2024\\\/10\\\/WhatsApp-Image-2024-10-31-at-1.47.52-PM.jpeg&quot;,&quot;id&quot;:1741,&quot;size&quot;:&quot;&quot;,&quot;alt&quot;:&quot;&quot;,&quot;source&quot;:&quot;library&quot;},&quot;video_type&quot;:&quot;youtube&quot;,&quot;controls&quot;:&quot;yes&quot;}\" data-widget_type=\"video.default\">\n\t\t\t\t<div class=\"elementor-widget-container\">\n\t\t\t\t\t<div class=\"elementor-wrapper elementor-open-inline\">\n\t\t\t<div class=\"elementor-video\"><\/div>\t\t\t\t<div class=\"elementor-custom-embed-image-overlay\" style=\"background-image: url(https:\/\/vigooacademy.com\/wp-content\/uploads\/2024\/10\/WhatsApp-Image-2024-10-31-at-1.47.52-PM.jpeg);\">\n\t\t\t\t\t\t\t\t\t\t\t\t\t\t\t\t<div class=\"elementor-custom-embed-play\" role=\"button\" aria-label=\"Reproducir v\u00eddeo\" tabindex=\"0\">\n\t\t\t\t\t\t\t<svg aria-hidden=\"true\" class=\"e-font-icon-svg e-eicon-play\" viewBox=\"0 0 1000 1000\" xmlns=\"http:\/\/www.w3.org\/2000\/svg\"><path d=\"M838 162C746 71 633 25 500 25 371 25 258 71 163 162 71 254 25 367 25 500 25 633 71 746 163 837 254 929 367 979 500 979 633 979 746 933 838 837 929 746 975 633 975 500 975 367 929 254 838 162M808 192C892 279 933 379 933 500 933 621 892 725 808 808 725 892 621 938 500 938 379 938 279 896 196 808 113 725 67 621 67 500 67 379 108 279 196 192 279 108 383 62 500 62 621 62 721 108 808 192M438 392V642L642 517 438 392Z\"><\/path><\/svg>\t\t\t\t\t\t\t<span class=\"elementor-screen-only\">Reproducir v\u00eddeo<\/span>\n\t\t\t\t\t\t<\/div>\n\t\t\t\t\t\t\t\t\t<\/div>\n\t\t\t\t\t<\/div>\n\t\t\t\t<\/div>\n\t\t\t\t<\/div>\n\t\t\t\t<div class=\"elementor-element elementor-element-5e521e7 elementor-widget elementor-widget-text-editor\" data-id=\"5e521e7\" data-element_type=\"widget\" data-widget_type=\"text-editor.default\">\n\t\t\t\t<div class=\"elementor-widget-container\">\n\t\t\t\t\t\t\t<p><b>Curso de Energ\u00eda para Telecomunicaciones<\/b><\/p>\t\t\t\t\t\t<\/div>\n\t\t\t\t<\/div>\n\t\t\t\t<\/div>\n\t\t\t\t<\/div>\n\t\t<div class=\"elementor-element elementor-element-8430008 e-con-full e-flex e-con e-child\" data-id=\"8430008\" data-element_type=\"container\">\n\t\t<div class=\"elementor-element elementor-element-5835de8 e-grid e-con-full e-con e-child\" data-id=\"5835de8\" data-element_type=\"container\">\n\t\t\t\t<div class=\"elementor-element elementor-element-7dffabf elementor-widget elementor-widget-text-editor\" data-id=\"7dffabf\" data-element_type=\"widget\" data-widget_type=\"text-editor.default\">\n\t\t\t\t<div class=\"elementor-widget-container\">\n\t\t\t\t\t\t\t<p><b>Curso de Desarrollo Empresarial<\/b><\/p>\t\t\t\t\t\t<\/div>\n\t\t\t\t<\/div>\n\t\t\t\t<\/div>\n\t\t\t\t<\/div>\n\t\t\t\t<\/div>\n\t\t\t\t<div class=\"elementor-element elementor-element-fcf0dad elementor-widget-divider--view-line elementor-widget elementor-widget-divider\" data-id=\"fcf0dad\" data-element_type=\"widget\" data-widget_type=\"divider.default\">\n\t\t\t\t<div class=\"elementor-widget-container\">\n\t\t\t\t\t<div class=\"elementor-divider\">\n\t\t\t<span class=\"elementor-divider-separator\">\n\t\t\t\t\t\t<\/span>\n\t\t<\/div>\n\t\t\t\t<\/div>\n\t\t\t\t<\/div>\n\t\t\t\t\t<\/div>\n\t\t\t\t<\/div>\n\t\t<div class=\"elementor-element elementor-element-5e412c0 e-grid e-con-boxed e-con e-parent\" data-id=\"5e412c0\" data-element_type=\"container\">\n\t\t\t\t\t<div class=\"e-con-inner\">\n\t\t\t\t<div class=\"elementor-element elementor-element-f25cd50 elementor-widget elementor-widget-heading\" data-id=\"f25cd50\" data-element_type=\"widget\" data-widget_type=\"heading.default\">\n\t\t\t\t<div class=\"elementor-widget-container\">\n\t\t\t<h2 class=\"elementor-heading-title elementor-size-default\">\u00bfEST\u00c1S LISTO PARA LLEVAR TUS CONOCIMIENTOS AL SIGUIENTE NIVEL?<\/h2>\t\t<\/div>\n\t\t\t\t<\/div>\n\t\t<div class=\"elementor-element elementor-element-ebe78e8 e-con-full e-flex e-con e-child\" data-id=\"ebe78e8\" data-element_type=\"container\">\n\t\t<div class=\"elementor-element elementor-element-efc4c75 e-grid e-con-full e-con e-child\" data-id=\"efc4c75\" data-element_type=\"container\">\n\t\t\t\t<div class=\"elementor-element elementor-element-08efad9 elementor-widget elementor-widget-text-editor\" data-id=\"08efad9\" data-element_type=\"widget\" data-widget_type=\"text-editor.default\">\n\t\t\t\t<div class=\"elementor-widget-container\">\n\t\t\t\t\t\t\t<em><span style=\"font-weight: 400;\">Inscr\u00edbete y aprende todo lo necesario para convertirte en un experto en redes inal\u00e1mbricas. <BR> \u00a1Impulsa tu negocio y tu carrera hoy!<\/span><\/em>\t\t\t\t\t\t<\/div>\n\t\t\t\t<\/div>\n\t\t\t\t<div class=\"elementor-element elementor-element-868e12f elementor-align-center elementor-widget elementor-widget-button\" data-id=\"868e12f\" data-element_type=\"widget\" data-widget_type=\"button.default\">\n\t\t\t\t<div class=\"elementor-widget-container\">\n\t\t\t\t\t<div class=\"elementor-button-wrapper\">\n\t\t\t<a class=\"elementor-button elementor-button-link elementor-size-sm\" href=\"https:\/\/wa.link\/4b3f2o\">\n\t\t\t\t\t\t<span class=\"elementor-button-content-wrapper\">\n\t\t\t\t\t\t\t\t\t<span class=\"elementor-button-text\">\u00a1QUIERO INSCRIBIRME!<\/span>\n\t\t\t\t\t<\/span>\n\t\t\t\t\t<\/a>\n\t\t<\/div>\n\t\t\t\t<\/div>\n\t\t\t\t<\/div>\n\t\t\t\t<\/div>\n\t\t\t\t<\/div>\n\t\t\t\t\t<\/div>\n\t\t\t\t<\/div>\n\t\t\t\t<\/div>\n\t\t","protected":false},"excerpt":{"rendered":"<p>CONOCE A NUESTROS ALUMNOS&#8230; Descubre c\u00f3mo los cursos que se ofrecen en Vigo Academy han cambiado la vida de estas personas\u2026https:\/\/youtube.com\/shorts\/abWpdf-rFEc?feature=shareCurso Desarrollo Empresarialhttps:\/\/youtu.be\/fAU3-aN20V0 Curso de Energ\u00eda para Telecomunicaciones Curso de Desarrollo Empresarial \u00bfEST\u00c1S LISTO PARA LLEVAR TUS CONOCIMIENTOS AL SIGUIENTE NIVEL? Inscr\u00edbete y aprende todo lo necesario para convertirte en un experto en redes inal\u00e1mbricas. [&hellip;]<\/p>\n","protected":false},"author":2,"featured_media":0,"parent":0,"menu_order":0,"comment_status":"closed","ping_status":"closed","template":"","meta":{"_joinchat":[],"footnotes":""},"class_list":["post-512","page","type-page","status-publish","hentry"],"yoast_head":"<!-- This site is optimized with the Yoast SEO plugin v23.7 - https:\/\/yoast.com\/wordpress\/plugins\/seo\/ -->\n<title>TESTIMONIALES - Vigoo Academy<\/title>\n<meta name=\"robots\" content=\"index, follow, max-snippet:-1, max-image-preview:large, max-video-preview:-1\" \/>\n<link rel=\"canonical\" href=\"https:\/\/vigooacademy.com\/?page_id=512\" \/>\n<meta property=\"og:locale\" content=\"es_ES\" \/>\n<meta property=\"og:type\" content=\"article\" \/>\n<meta property=\"og:title\" content=\"TESTIMONIALES - Vigoo Academy\" \/>\n<meta property=\"og:description\" content=\"CONOCE A NUESTROS ALUMNOS&#8230; Descubre c\u00f3mo los cursos que se ofrecen en Vigo Academy han cambiado la vida de estas personas\u2026https:\/\/youtube.com\/shorts\/abWpdf-rFEc?feature=shareCurso Desarrollo Empresarialhttps:\/\/youtu.be\/fAU3-aN20V0 Curso de Energ\u00eda para Telecomunicaciones Curso de Desarrollo Empresarial \u00bfEST\u00c1S LISTO PARA LLEVAR TUS CONOCIMIENTOS AL SIGUIENTE NIVEL? Inscr\u00edbete y aprende todo lo necesario para convertirte en un experto en redes inal\u00e1mbricas. [&hellip;]\" \/>\n<meta property=\"og:url\" content=\"https:\/\/vigooacademy.com\/?page_id=512\" \/>\n<meta property=\"og:site_name\" content=\"Vigoo Academy\" \/>\n<meta property=\"article:modified_time\" content=\"2024-10-31T19:48:28+00:00\" \/>\n<meta name=\"twitter:card\" content=\"summary_large_image\" \/>\n<meta name=\"twitter:label1\" content=\"Tiempo de lectura\" \/>\n\t<meta name=\"twitter:data1\" content=\"1 minuto\" \/>\n<script type=\"application\/ld+json\" class=\"yoast-schema-graph\">{\"@context\":\"https:\/\/schema.org\",\"@graph\":[{\"@type\":\"WebPage\",\"@id\":\"https:\/\/vigooacademy.com\/?page_id=512\",\"url\":\"https:\/\/vigooacademy.com\/?page_id=512\",\"name\":\"TESTIMONIALES - Vigoo Academy\",\"isPartOf\":{\"@id\":\"https:\/\/vigooacademy.com\/#website\"},\"datePublished\":\"2024-10-26T16:16:48+00:00\",\"dateModified\":\"2024-10-31T19:48:28+00:00\",\"breadcrumb\":{\"@id\":\"https:\/\/vigooacademy.com\/?page_id=512#breadcrumb\"},\"inLanguage\":\"es\",\"potentialAction\":[{\"@type\":\"ReadAction\",\"target\":[\"https:\/\/vigooacademy.com\/?page_id=512\"]}]},{\"@type\":\"BreadcrumbList\",\"@id\":\"https:\/\/vigooacademy.com\/?page_id=512#breadcrumb\",\"itemListElement\":[{\"@type\":\"ListItem\",\"position\":1,\"name\":\"Portada\",\"item\":\"https:\/\/vigooacademy.com\/\"},{\"@type\":\"ListItem\",\"position\":2,\"name\":\"TESTIMONIALES\"}]},{\"@type\":\"WebSite\",\"@id\":\"https:\/\/vigooacademy.com\/#website\",\"url\":\"https:\/\/vigooacademy.com\/\",\"name\":\"Vigoo Academy\",\"description\":\"Cursos y capacitaciones B2B, Negocios, Telecomunicaciones, Oportrtunidades laborales, ISP, WISP\",\"publisher\":{\"@id\":\"https:\/\/vigooacademy.com\/#organization\"},\"potentialAction\":[{\"@type\":\"SearchAction\",\"target\":{\"@type\":\"EntryPoint\",\"urlTemplate\":\"https:\/\/vigooacademy.com\/?s={search_term_string}\"},\"query-input\":{\"@type\":\"PropertyValueSpecification\",\"valueRequired\":true,\"valueName\":\"search_term_string\"}}],\"inLanguage\":\"es\"},{\"@type\":\"Organization\",\"@id\":\"https:\/\/vigooacademy.com\/#organization\",\"name\":\"Vigoo Academy\",\"url\":\"https:\/\/vigooacademy.com\/\",\"logo\":{\"@type\":\"ImageObject\",\"inLanguage\":\"es\",\"@id\":\"https:\/\/vigooacademy.com\/#\/schema\/logo\/image\/\",\"url\":\"https:\/\/vigooacademy.com\/wp-content\/uploads\/2024\/10\/Diseno-sin-titulo-96.png\",\"contentUrl\":\"https:\/\/vigooacademy.com\/wp-content\/uploads\/2024\/10\/Diseno-sin-titulo-96.png\",\"width\":1280,\"height\":720,\"caption\":\"Vigoo Academy\"},\"image\":{\"@id\":\"https:\/\/vigooacademy.com\/#\/schema\/logo\/image\/\"}}]}<\/script>\n<!-- \/ Yoast SEO plugin. -->","yoast_head_json":{"title":"TESTIMONIALES - Vigoo Academy","robots":{"index":"index","follow":"follow","max-snippet":"max-snippet:-1","max-image-preview":"max-image-preview:large","max-video-preview":"max-video-preview:-1"},"canonical":"https:\/\/vigooacademy.com\/?page_id=512","og_locale":"es_ES","og_type":"article","og_title":"TESTIMONIALES - Vigoo Academy","og_description":"CONOCE A NUESTROS ALUMNOS&#8230; Descubre c\u00f3mo los cursos que se ofrecen en Vigo Academy han cambiado la vida de estas personas\u2026https:\/\/youtube.com\/shorts\/abWpdf-rFEc?feature=shareCurso Desarrollo Empresarialhttps:\/\/youtu.be\/fAU3-aN20V0 Curso de Energ\u00eda para Telecomunicaciones Curso de Desarrollo Empresarial \u00bfEST\u00c1S LISTO PARA LLEVAR TUS CONOCIMIENTOS AL SIGUIENTE NIVEL? Inscr\u00edbete y aprende todo lo necesario para convertirte en un experto en redes inal\u00e1mbricas. [&hellip;]","og_url":"https:\/\/vigooacademy.com\/?page_id=512","og_site_name":"Vigoo Academy","article_modified_time":"2024-10-31T19:48:28+00:00","twitter_card":"summary_large_image","twitter_misc":{"Tiempo de lectura":"1 minuto"},"schema":{"@context":"https:\/\/schema.org","@graph":[{"@type":"WebPage","@id":"https:\/\/vigooacademy.com\/?page_id=512","url":"https:\/\/vigooacademy.com\/?page_id=512","name":"TESTIMONIALES - Vigoo Academy","isPartOf":{"@id":"https:\/\/vigooacademy.com\/#website"},"datePublished":"2024-10-26T16:16:48+00:00","dateModified":"2024-10-31T19:48:28+00:00","breadcrumb":{"@id":"https:\/\/vigooacademy.com\/?page_id=512#breadcrumb"},"inLanguage":"es","potentialAction":[{"@type":"ReadAction","target":["https:\/\/vigooacademy.com\/?page_id=512"]}]},{"@type":"BreadcrumbList","@id":"https:\/\/vigooacademy.com\/?page_id=512#breadcrumb","itemListElement":[{"@type":"ListItem","position":1,"name":"Portada","item":"https:\/\/vigooacademy.com\/"},{"@type":"ListItem","position":2,"name":"TESTIMONIALES"}]},{"@type":"WebSite","@id":"https:\/\/vigooacademy.com\/#website","url":"https:\/\/vigooacademy.com\/","name":"Vigoo Academy","description":"Cursos y capacitaciones B2B, Negocios, Telecomunicaciones, Oportrtunidades laborales, ISP, WISP","publisher":{"@id":"https:\/\/vigooacademy.com\/#organization"},"potentialAction":[{"@type":"SearchAction","target":{"@type":"EntryPoint","urlTemplate":"https:\/\/vigooacademy.com\/?s={search_term_string}"},"query-input":{"@type":"PropertyValueSpecification","valueRequired":true,"valueName":"search_term_string"}}],"inLanguage":"es"},{"@type":"Organization","@id":"https:\/\/vigooacademy.com\/#organization","name":"Vigoo Academy","url":"https:\/\/vigooacademy.com\/","logo":{"@type":"ImageObject","inLanguage":"es","@id":"https:\/\/vigooacademy.com\/#\/schema\/logo\/image\/","url":"https:\/\/vigooacademy.com\/wp-content\/uploads\/2024\/10\/Diseno-sin-titulo-96.png","contentUrl":"https:\/\/vigooacademy.com\/wp-content\/uploads\/2024\/10\/Diseno-sin-titulo-96.png","width":1280,"height":720,"caption":"Vigoo Academy"},"image":{"@id":"https:\/\/vigooacademy.com\/#\/schema\/logo\/image\/"}}]}},"_links":{"self":[{"href":"https:\/\/vigooacademy.com\/index.php?rest_route=\/wp\/v2\/pages\/512","targetHints":{"allow":["GET"]}}],"collection":[{"href":"https:\/\/vigooacademy.com\/index.php?rest_route=\/wp\/v2\/pages"}],"about":[{"href":"https:\/\/vigooacademy.com\/index.php?rest_route=\/wp\/v2\/types\/page"}],"author":[{"embeddable":true,"href":"https:\/\/vigooacademy.com\/index.php?rest_route=\/wp\/v2\/users\/2"}],"replies":[{"embeddable":true,"href":"https:\/\/vigooacademy.com\/index.php?rest_route=%2Fwp%2Fv2%2Fcomments&post=512"}],"version-history":[{"count":128,"href":"https:\/\/vigooacademy.com\/index.php?rest_route=\/wp\/v2\/pages\/512\/revisions"}],"predecessor-version":[{"id":1744,"href":"https:\/\/vigooacademy.com\/index.php?rest_route=\/wp\/v2\/pages\/512\/revisions\/1744"}],"wp:attachment":[{"href":"https:\/\/vigooacademy.com\/index.php?rest_route=%2Fwp%2Fv2%2Fmedia&parent=512"}],"curies":[{"name":"wp","href":"https:\/\/api.w.org\/{rel}","templated":true}]}}